{"id":119,"date":"2025-01-26T03:50:28","date_gmt":"2025-01-26T03:50:28","guid":{"rendered":"https:\/\/fundaciontehuelche.com.ar\/web\/?page_id=119"},"modified":"2025-01-31T23:02:23","modified_gmt":"2025-01-31T23:02:23","slug":"psicologia-social","status":"publish","type":"page","link":"https:\/\/fundaciontehuelche.com.ar\/web\/psicologia-social\/","title":{"rendered":"Psicolog\u00eda Social"},"content":{"rendered":"\n<p>La&nbsp;<strong>Fundaci\u00f3n Tehuelche&nbsp;<\/strong>ha creado hasta la fecha tres Escuelas de Psicolog\u00eda Social,<br>participando adem\u00e1s de la conducci\u00f3n de una cuarta Escuela.<\/p>\n\n\n\n<p><br>Las clases se dictan en de&nbsp;manera online&nbsp;en la&nbsp;Escuela Virtual de Psicolog\u00eda social&nbsp;y en las<br>sedes presenciales con horarios vespertinos o los d\u00edas s\u00e1bados, para favorecer la participaci\u00f3n<br>de las personas que trabajan.<\/p>\n\n\n\n<p><br>Se conforman grupos y se estudia grupalmente desde el primer d\u00eda de clase. Las evaluaciones<br>tambi\u00e9n son grupales. Desde Primer A\u00f1o, los alumnos se inician en las pr\u00e1cticas de la<br>Psicolog\u00eda Social, con trabajos de Investigaci\u00f3n y de Observaci\u00f3n Espont\u00e1nea. En Segundo A\u00f1o<br>ya realizan Observaci\u00f3n de Grupos, y en Tercero completan su formaci\u00f3n inici\u00e1ndose en la<br>Coordinaci\u00f3n de Grupos Operativos. Las pr\u00e1cticas son asistidas y supervisadas. Las pr\u00e1cticas se<br>realizan en la misma Escuela y tambi\u00e9n en Instituciones P\u00fablicas y Privadas. El alto nivel<br>acad\u00e9mico y el constante estudio y re \u2013 creaci\u00f3n de la teor\u00eda y t\u00e9cnica de&nbsp;Enrique Pichon<br>Riviere, sostienen el prestigio educativo de las&nbsp;Escuelas de Psicolog\u00eda Social&nbsp;dependientes<br>de&nbsp;Fundaci\u00f3n Tehuelche.<\/p>\n\n\n\n<p class=\"has-contrast-color has-text-color has-link-color wp-elements-60bf8c67e2b6a9a3c02661d382b116e1\"><\/p>\n\n\n\n<p class=\"has-contrast-color has-text-color has-link-color wp-elements-240d70f9c856db30e5471e42383a13bb\"><a href=\"https:\/\/fundaciontehuelche.com.ar\/web\/plan-de-estudios\/\" data-type=\"page\" data-id=\"49\">Plan de Estudios<\/a><\/p>\n\n\n\n<p><a href=\"https:\/\/fundaciontehuelche.com.ar\/web\/que-hace-un-egresado-a-de-psicologia-social\/\" data-type=\"page\" data-id=\"240\">Campo Laboral de la Psicolog\u00eda Social.<\/a><\/p>\n\n\n\n<p class=\"has-contrast-color has-text-color has-link-color wp-elements-20d4fe66dec868a35e3ff0e8e76e5271\"><a href=\"https:\/\/fundaciontehuelche.com.ar\/web\/por-que-estudiar-psicologia-social\/\" data-type=\"page\" data-id=\"51\">\u00bfPor qu\u00e9 estudiar Psicolog\u00eda Social?<\/a><\/p>\n\n\n\n<p class=\"has-contrast-color has-text-color has-link-color wp-elements-45199a6e62b4ad2d7ea18a19bdbaa7fb\"><a href=\"https:\/\/fundaciontehuelche.com.ar\/web\/pichon-riviere\/\" data-type=\"page\" data-id=\"55\">Pich\u00f3n Riviere<\/a><\/p>\n\n\n\n<p><a href=\"https:\/\/fundaciontehuelche.com.ar\/web\/temas-de-la-psicologia-social\/\" data-type=\"page\" data-id=\"164\">Temas de la Psicolog\u00eda Social<\/a><\/p>\n\n\n\n<p class=\"has-contrast-color has-text-color has-link-color wp-elements-60bf8c67e2b6a9a3c02661d382b116e1\"><\/p>\n","protected":false},"excerpt":{"rendered":"<p>La&nbsp;Fundaci\u00f3n Tehuelche&nbsp;ha creado hasta la fecha tres Escuelas de Psicolog\u00eda Social,participando adem\u00e1s de la conducci\u00f3n de una cuarta Escuela. Las clases se dictan en de&nbsp;manera online&nbsp;en la&nbsp;Escuela Virtual de Psicolog\u00eda social&nbsp;y en lassedes presenciales con horarios vespertinos o los d\u00edas s\u00e1bados, para favorecer la participaci\u00f3nde las personas que trabajan. Se conforman grupos y se estudia [&hellip;]<\/p>\n","protected":false},"author":3,"featured_media":0,"parent":0,"menu_order":0,"comment_status":"closed","ping_status":"closed","template":"","meta":{"footnotes":""},"class_list":["post-119","page","type-page","status-publish","hentry"],"_links":{"self":[{"href":"https:\/\/fundaciontehuelche.com.ar\/web\/wp-json\/wp\/v2\/pages\/119","targetHints":{"allow":["GET"]}}],"collection":[{"href":"https:\/\/fundaciontehuelche.com.ar\/web\/wp-json\/wp\/v2\/pages"}],"about":[{"href":"https:\/\/fundaciontehuelche.com.ar\/web\/wp-json\/wp\/v2\/types\/page"}],"author":[{"embeddable":true,"href":"https:\/\/fundaciontehuelche.com.ar\/web\/wp-json\/wp\/v2\/users\/3"}],"replies":[{"embeddable":true,"href":"https:\/\/fundaciontehuelche.com.ar\/web\/wp-json\/wp\/v2\/comments?post=119"}],"version-history":[{"count":9,"href":"https:\/\/fundaciontehuelche.com.ar\/web\/wp-json\/wp\/v2\/pages\/119\/revisions"}],"predecessor-version":[{"id":243,"href":"https:\/\/fundaciontehuelche.com.ar\/web\/wp-json\/wp\/v2\/pages\/119\/revisions\/243"}],"wp:attachment":[{"href":"https:\/\/fundaciontehuelche.com.ar\/web\/wp-json\/wp\/v2\/media?parent=119"}],"curies":[{"name":"wp","href":"https:\/\/api.w.org\/{rel}","templated":true}]}}