{"id":240,"date":"2025-01-31T22:59:46","date_gmt":"2025-01-31T22:59:46","guid":{"rendered":"https:\/\/fundaciontehuelche.com.ar\/web\/?page_id=240"},"modified":"2025-02-01T14:20:48","modified_gmt":"2025-02-01T14:20:48","slug":"que-hace-un-egresado-a-de-psicologia-social","status":"publish","type":"page","link":"https:\/\/fundaciontehuelche.com.ar\/web\/que-hace-un-egresado-a-de-psicologia-social\/","title":{"rendered":"\u00bfQu\u00e9 hace un egresado\/a de Psicolog\u00eda Social?"},"content":{"rendered":"\n<ul class=\"wp-block-list\">\n<li>Est\u00e1 capacitado\/a para trabajar con grupos, coordinando su tarea, facilitando la<br>reflexi\u00f3n, colaborando en el mejoramiento de los v\u00ednculos y la comunicaci\u00f3n.<\/li>\n\n\n\n<li>Sus posibilidades laborales son la investigaci\u00f3n, la planificaci\u00f3n, la docencia, los<br>recursos humanos, el fortalecimiento institucional, la empresa, los grupos pol\u00edticos,<br>deportivos y a otros campos que se siguen abriendo a la Psicolog\u00eda Social.<\/li>\n\n\n\n<li>Sus \u00e1mbitos de trabajo est\u00e1n en la todos los sectores en donde hay grupos:<br>instituciones p\u00fablicas y privadas, empresas, educaci\u00f3n, salud, marginalidad, acciones<br>sociales, acciones de prevenci\u00f3n e intervenciones en cat\u00e1strofes y desastres,<br>actividades comunitarias, grupos de autoayuda, adolescencia, familias, etc.<\/li>\n\n\n\n<li>Asimismo, la incorporaci\u00f3n de la virtualidad en nuestra vida cotidiana, abre nuevos<br>campos laborales, porque las posibilidades de trabajo autogestionado o en relaci\u00f3n de<br>dependencia, se multiplican hacia lugares muy distantes.<\/li>\n<\/ul>\n\n\n\n<p><\/p>\n","protected":false},"excerpt":{"rendered":"","protected":false},"author":3,"featured_media":0,"parent":0,"menu_order":0,"comment_status":"closed","ping_status":"closed","template":"","meta":{"footnotes":""},"class_list":["post-240","page","type-page","status-publish","hentry"],"_links":{"self":[{"href":"https:\/\/fundaciontehuelche.com.ar\/web\/wp-json\/wp\/v2\/pages\/240","targetHints":{"allow":["GET"]}}],"collection":[{"href":"https:\/\/fundaciontehuelche.com.ar\/web\/wp-json\/wp\/v2\/pages"}],"about":[{"href":"https:\/\/fundaciontehuelche.com.ar\/web\/wp-json\/wp\/v2\/types\/page"}],"author":[{"embeddable":true,"href":"https:\/\/fundaciontehuelche.com.ar\/web\/wp-json\/wp\/v2\/users\/3"}],"replies":[{"embeddable":true,"href":"https:\/\/fundaciontehuelche.com.ar\/web\/wp-json\/wp\/v2\/comments?post=240"}],"version-history":[{"count":2,"href":"https:\/\/fundaciontehuelche.com.ar\/web\/wp-json\/wp\/v2\/pages\/240\/revisions"}],"predecessor-version":[{"id":242,"href":"https:\/\/fundaciontehuelche.com.ar\/web\/wp-json\/wp\/v2\/pages\/240\/revisions\/242"}],"wp:attachment":[{"href":"https:\/\/fundaciontehuelche.com.ar\/web\/wp-json\/wp\/v2\/media?parent=240"}],"curies":[{"name":"wp","href":"https:\/\/api.w.org\/{rel}","templated":true}]}}