{"id":51,"date":"2025-01-24T18:31:08","date_gmt":"2025-01-24T18:31:08","guid":{"rendered":"https:\/\/fundaciontehuelche.com.ar\/web\/?page_id=51"},"modified":"2025-01-27T18:53:28","modified_gmt":"2025-01-27T18:53:28","slug":"por-que-estudiar-psicologia-social","status":"publish","type":"page","link":"https:\/\/fundaciontehuelche.com.ar\/web\/por-que-estudiar-psicologia-social\/","title":{"rendered":"Por qu\u00e9 estudiar Psicolog\u00eda Social"},"content":{"rendered":"\n<p>La Psicolog\u00eda Social es una disciplina que investiga procesos de interacci\u00f3n, las experiencias de los sujetos en los grupos, las instituciones y en la organizaci\u00f3n social. Aporta conocimientos acerca del funcionamiento de los grupos, sus conductas,<br>v\u00ednculos familiares, modo de comunicarse, roles, etc.<br>Quien estudia Psicolog\u00eda Social se prepara para entender los trastornos de su comunidad y ayudar a disminuir la angustia cotidiana. Y para poder intervenir en situaciones normales, cotidianas y tambi\u00e9n de crisis en los niveles institucional , grupal y comunitario<\/p>\n\n\n\n<h2 class=\"wp-block-heading\">\u00bf<strong>Qu\u00e9 es la Psicolog\u00eda Social<\/strong>?<\/h2>\n\n\n\n<p><strong>Material elaborado por la Fundaci\u00f3n Tehuelche<\/strong><\/p>\n\n\n\n<p>La Psicolog\u00eda Social es creada en la Argentina por el Dr. Enrique Pich\u00f3n Rivi\u00e8re, cuya teor\u00eda es la base fundamental del aprendizaje que proponemos. Es una disciplina que investiga los procesos de interacci\u00f3n, la experiencia de los sujetos en los grupos, las instituciones, en la organizaci\u00f3n social. Aporta importantes conocimientos acerca de las personas, sus conductas, sus v\u00ednculos familiares, modo de comunicarse, roles, etc . Su creador, fallecido en 1977, investigador y cient\u00edfico reconocido en todo el mundo, hizo un pasaje desde el Psicoan\u00e1lisis al estudio del sujeto inmerso en un contexto familiar, grupal, social y cultural que lo produce y en el cual es productor.Las Escuelas de Psicolog\u00eda Social se nutren en los aportes del citado investigador, utilizan un m\u00e9todo dial\u00e9ctico en un aprendizaje de interacci\u00f3n grupal, abordando temas tales como: \u00abComunicaci\u00f3n, V\u00ednculos, Aprendizaje, Conducta, Familia, Grupos, etc.\u00bbNuestra Escuela cuenta con personal id\u00f3neo, capacitado convenientemente para desarrollar esta actividad con un concepto cient\u00edfico &#8211; \u00e9tico. El ingreso a la Instituci\u00f3n es posible para toda persona que, interesada en dicha tem\u00e1tica, se proponga indagarla, conformando grupos que permiten enriquecer el conocimiento, introduci\u00e9ndose en una nueva manera de aprender. El campo de labor de la Psicolog\u00eda Social apunta a restaurar la comunicaci\u00f3n, reparar las tramas vinculares, agudizando la mirada cr\u00edtica de la vida cotidiana , desarrollando capacidades comunicacionales, de coordinaci\u00f3n de grupos y de comprensi\u00f3n de lo que se dice detr\u00e1s de lo que se dice. Los \u00e1mbitos de trabajo del Psic\u00f3logo Social est\u00e1n en la todos los sectores en donde hay grupos: instituciones p\u00fablicas y privadas, empresas, educaci\u00f3n, salud, marginalidad, acciones sociales, acciones de prevenci\u00f3n intervenciones en cat\u00e1strofes y desastres, grupos de autoayuda, adolescencia, familias, etc. Este amplio espectro laboral, entonces, permite que el estudio de la Psicolog\u00eda Social est\u00e9 abierto a profesionales, amas de casa, docentes, obreros, empresarios, empleados, de diferentes edades y sexos.<\/p>\n\n\n\n<h2 class=\"wp-block-heading\"><strong>\u00bfDe qu\u00e9 sirve estudiarla?<\/strong><\/h2>\n\n\n\n<p>La experiencia de muchos alumnos que han egresado de esta y otras escuelas, confirma que es un saber necesitado en esta sociedad actual, ya que aporta instrumentos para una mejor comprensi\u00f3n de las conductas humanas en diferentes circunstancias. Esta comprensi\u00f3n de la conducta, de las relaciones grupales, familiares, institucionales y sociales es un requerimiento que surge en los distintos planos de nuestra vida cotidiana, en lo laboral, en lo familiar y en nuestra condici\u00f3n de ciudadanos habitantes de una ciudad, de un pa\u00eds.<\/p>\n\n\n\n<h2 class=\"wp-block-heading\"><strong>\u00bfCual es su campo de acci\u00f3n?<\/strong><\/h2>\n\n\n\n<p>Son cada vez m\u00e1s los \u00e1mbitos de inserci\u00f3n de la Psicolog\u00eda Social. La formaci\u00f3n instrumenta para operar en situaciones en que se dan procesos de interacci\u00f3n: grupos, instituciones, empresas, familia, centros recreativos, educativos, tareas interdisciplinarias, investigaci\u00f3n, organizaciones de trabajo, barriales, sindicales, grupos de autoayuda, clubes, etc.<\/p>\n\n\n\n<h2 class=\"wp-block-heading\"><strong>Requisitos<\/strong>:<\/h2>\n\n\n\n<p>La Psicolog\u00eda Social est\u00e1 abierta a aquellas personas que se interesen en realizar un aprendizaje centrado entre sujeto y estructura social. En consecuencia, no hay otro requisito para el ingreso que ese inter\u00e9s y una compatibilidad de objetivos individuales con los objetivos propuestos por la Instituci\u00f3n y su metodolog\u00eda de trabajo.<\/p>\n\n\n\n<h2 class=\"wp-block-heading\">\u00bfQu\u00e9 metodolog\u00eda usa?<\/h2>\n\n\n\n<p>La unidad de teor\u00eda y pr\u00e1ctica: clases te\u00f3ricas, lectura de bibliograf\u00eda, trabajo grupal , institucional y comunitario. Uno de los instrumentos de esta did\u00e1ctica es el grupo operativo. Proponemos a los estudiantes el aprendizaje y elaboraci\u00f3n de los temas que se trabajan, con m\u00e9todos diferentes, novedosos para quienes provienen de escuelas tradicionales, y que Pichon llama \u00abaprender a aprender\u00bb o \u00abaprender a pensar\u00bb, una tarea en la que, adem\u00e1s de aprender contenidos te\u00f3ricos, se van visualizado y resolviendo dificultades que surgen en la situaci\u00f3n de aprendizaje y en la din\u00e1mica del grupo. Se investigan y modifican viejos modelos de aprendizaje.<\/p>\n\n\n\n<h2 class=\"wp-block-heading\"><strong>Perfil del Psic\u00f3logo Social<\/strong><\/h2>\n\n\n\n<p>El perfil del Psic\u00f3logo Social incluye s\u00f3lidos conocimientos te\u00f3ricos habilidades, funciones y tareas que corresponden a procesos comunicacionales y trabajo grupal, necesitando:<\/p>\n\n\n\n<ul class=\"wp-block-list\">\n<li>Lograr una s\u00f3lida actitud psicol\u00f3gica internalizada que trascienda en cada uno de sus actos.<\/li>\n\n\n\n<li>Haber incorporado el marco te\u00f3rico desarrollado a lo largo de la curr\u00edcula.<\/li>\n\n\n\n<li>Tener una adaptaci\u00f3n activa en su grupo de trabajo, pudiendo resolver los obst\u00e1culos.<\/li>\n\n\n\n<li>Estar instrumentado en las t\u00e9cnicas especificas de este campo.<\/li>\n\n\n\n<li>Realizar an\u00e1lisis y evaluaci\u00f3n de los procesos de comunicaci\u00f3n e intrumentarse para coordinar, promover y facilitar la misma.<\/li>\n\n\n\n<li>Ser constitutivo y constituyente de los fen\u00f3menos de cohesi\u00f3n, pertenencia y pertinencia dentro de la Instituci\u00f3n y de su grupo.<\/li>\n\n\n\n<li>Adquirir la capacidad de organizar y\/o insertarse en equipos interdisciplinarios.<\/li>\n\n\n\n<li>Adquirir o mejorar la capacidad de organizar actividades acad\u00e9micas, culturales y sociales .<\/li>\n\n\n\n<li>Adquirir o mejorar la capacidad de escucha.<\/li>\n\n\n\n<li>Adquirir o mejorar la capacidad de registro de situaciones.<\/li>\n\n\n\n<li>Desarrollar su capacidad de insight personal y dentro de los grupos a los que pertenece.<\/li>\n\n\n\n<li>Adquirir o mejorar la capacidad de lectura y comprensi\u00f3n de los fen\u00f3menos grupales.<\/li>\n\n\n\n<li>Adquirir o mejorar la capacidad de autocontinencia y continencia del otro en situaciones de incremento de ansiedades.<\/li>\n\n\n\n<li>Acompa\u00f1ar al grupo en su b\u00fasqueda de mayor participaci\u00f3n y protagonismo en funci\u00f3n de una adaptaci\u00f3n activa a la realidad.<\/li>\n<\/ul>\n\n\n\n<p><\/p>\n\n\n\n<h2 class=\"wp-block-heading\"><strong>\u00bfQu\u00e9 hace un egresado de Psicolog\u00eda Social?<\/strong><\/h2>\n\n\n\n<p>Est\u00e1 capacitado para trabajar con grupos coordinando su tarea, facilitando la reflexi\u00f3n, colaborando en el mejoramiento de los v\u00ednculos y la comunicaci\u00f3n. Tambi\u00e9n puede dedicarse a la investigaci\u00f3n, la planificaci\u00f3n, la docencia, los recursos humanos, el fortalecimiento institucional, la empresa, los grupos pol\u00edticos y a otros campos que se siguen abriendo a la Psicolog\u00eda Social. Puede desarrollar sus tareas tambi\u00e9n en equipos interdisciplinarios.<\/p>\n","protected":false},"excerpt":{"rendered":"<p>La Psicolog\u00eda Social es una disciplina que investiga procesos de interacci\u00f3n, las experiencias de los sujetos en los grupos, las instituciones y en la organizaci\u00f3n social. Aporta conocimientos acerca del funcionamiento de los grupos, sus conductas,v\u00ednculos familiares, modo de comunicarse, roles, etc.Quien estudia Psicolog\u00eda Social se prepara para entender los trastornos de su comunidad y [&hellip;]<\/p>\n","protected":false},"author":3,"featured_media":0,"parent":0,"menu_order":0,"comment_status":"closed","ping_status":"closed","template":"","meta":{"footnotes":""},"class_list":["post-51","page","type-page","status-publish","hentry"],"_links":{"self":[{"href":"https:\/\/fundaciontehuelche.com.ar\/web\/wp-json\/wp\/v2\/pages\/51","targetHints":{"allow":["GET"]}}],"collection":[{"href":"https:\/\/fundaciontehuelche.com.ar\/web\/wp-json\/wp\/v2\/pages"}],"about":[{"href":"https:\/\/fundaciontehuelche.com.ar\/web\/wp-json\/wp\/v2\/types\/page"}],"author":[{"embeddable":true,"href":"https:\/\/fundaciontehuelche.com.ar\/web\/wp-json\/wp\/v2\/users\/3"}],"replies":[{"embeddable":true,"href":"https:\/\/fundaciontehuelche.com.ar\/web\/wp-json\/wp\/v2\/comments?post=51"}],"version-history":[{"count":3,"href":"https:\/\/fundaciontehuelche.com.ar\/web\/wp-json\/wp\/v2\/pages\/51\/revisions"}],"predecessor-version":[{"id":54,"href":"https:\/\/fundaciontehuelche.com.ar\/web\/wp-json\/wp\/v2\/pages\/51\/revisions\/54"}],"wp:attachment":[{"href":"https:\/\/fundaciontehuelche.com.ar\/web\/wp-json\/wp\/v2\/media?parent=51"}],"curies":[{"name":"wp","href":"https:\/\/api.w.org\/{rel}","templated":true}]}}