{"id":64,"date":"2025-01-24T19:04:59","date_gmt":"2025-01-24T19:04:59","guid":{"rendered":"https:\/\/fundaciontehuelche.com.ar\/web\/?page_id=64"},"modified":"2025-01-28T18:57:59","modified_gmt":"2025-01-28T18:57:59","slug":"mujer-y-feminismo","status":"publish","type":"page","link":"https:\/\/fundaciontehuelche.com.ar\/web\/mujer-y-feminismo\/","title":{"rendered":"Mujer y Feminismo"},"content":{"rendered":"\n<p>En esta secci\u00f3n esperamos poder brindarle informaci\u00f3n de m\u00e1xima utilidad, para ello hemos subdividido la misma en seis subsecciones, delimitando cada \u00e1rea:<\/p>\n\n\n\n<p><strong><a href=\"https:\/\/fundaciontehuelche.com.ar\/web\/menopausia-y-climaterio\/\">Menopausia y Climaterio<\/a><\/strong><\/p>\n\n\n\n<p><strong>Notas, Art\u00edculos y Cartas de Amigas.<\/strong><\/p>\n\n\n\n<p><strong><a href=\"https:\/\/fundaciontehuelche.com.ar\/web\/premio-mujer-trayectoria\/\" data-type=\"page\" data-id=\"69\">Premio Mujer Trayectoria<\/a><\/strong><\/p>\n\n\n\n<p><strong>Psicoan\u00e1lisis y Feminismo<\/strong><\/p>\n\n\n\n<p><strong><a href=\"https:\/\/fundaciontehuelche.com.ar\/web\/congresos-de-la-mujer\/\" data-type=\"page\" data-id=\"77\">Congresos de la Mujer<\/a><\/strong><\/p>\n\n\n\n<p><strong><a href=\"https:\/\/fundaciontehuelche.com.ar\/web\/cosas-de-mujeres\/\" data-type=\"page\" data-id=\"85\">Cosas de Mujeres<\/a><\/strong><\/p>\n\n\n\n<p><\/p>\n","protected":false},"excerpt":{"rendered":"<p>En esta secci\u00f3n esperamos poder brindarle informaci\u00f3n de m\u00e1xima utilidad, para ello hemos subdividido la misma en seis subsecciones, delimitando cada \u00e1rea: Menopausia y Climaterio Notas, Art\u00edculos y Cartas de Amigas. Premio Mujer Trayectoria Psicoan\u00e1lisis y Feminismo Congresos de la Mujer Cosas de Mujeres<\/p>\n","protected":false},"author":3,"featured_media":0,"parent":0,"menu_order":0,"comment_status":"closed","ping_status":"closed","template":"","meta":{"footnotes":""},"class_list":["post-64","page","type-page","status-publish","hentry"],"_links":{"self":[{"href":"https:\/\/fundaciontehuelche.com.ar\/web\/wp-json\/wp\/v2\/pages\/64","targetHints":{"allow":["GET"]}}],"collection":[{"href":"https:\/\/fundaciontehuelche.com.ar\/web\/wp-json\/wp\/v2\/pages"}],"about":[{"href":"https:\/\/fundaciontehuelche.com.ar\/web\/wp-json\/wp\/v2\/types\/page"}],"author":[{"embeddable":true,"href":"https:\/\/fundaciontehuelche.com.ar\/web\/wp-json\/wp\/v2\/users\/3"}],"replies":[{"embeddable":true,"href":"https:\/\/fundaciontehuelche.com.ar\/web\/wp-json\/wp\/v2\/comments?post=64"}],"version-history":[{"count":4,"href":"https:\/\/fundaciontehuelche.com.ar\/web\/wp-json\/wp\/v2\/pages\/64\/revisions"}],"predecessor-version":[{"id":184,"href":"https:\/\/fundaciontehuelche.com.ar\/web\/wp-json\/wp\/v2\/pages\/64\/revisions\/184"}],"wp:attachment":[{"href":"https:\/\/fundaciontehuelche.com.ar\/web\/wp-json\/wp\/v2\/media?parent=64"}],"curies":[{"name":"wp","href":"https:\/\/api.w.org\/{rel}","templated":true}]}}