{"id":66,"date":"2025-01-24T19:06:03","date_gmt":"2025-01-24T19:06:03","guid":{"rendered":"https:\/\/fundaciontehuelche.com.ar\/web\/?page_id=66"},"modified":"2025-01-27T18:52:56","modified_gmt":"2025-01-27T18:52:56","slug":"menopausia-y-climaterio","status":"publish","type":"page","link":"https:\/\/fundaciontehuelche.com.ar\/web\/menopausia-y-climaterio\/","title":{"rendered":"Menopausia y climaterio"},"content":{"rendered":"\n<p>Desde nuestra Instituci\u00f3n organizamos talleres sobre Menopausia y Climaterio. Grupos de Reflexi\u00f3n en los que se puede hablar de los que nos pasa. De lo que nos pasa en serio. No de lo que queda bien.<\/p>\n\n\n\n<p>Tratamos de abandonar los paradigmas de la Menopausia y analizar cr\u00edticamente la realidad desde los siguientes ejes:<\/p>\n\n\n\n<p>1. S\u00edndrome del Nido Demasiado Lleno: los hijos no se van , no nos dejan tranquilas<\/p>\n\n\n\n<p>2. La reivindicaci\u00f3n de los abanicos: el derecho a tener s\u00edntomas<\/p>\n\n\n\n<p>3. La Menopausia es cosa de hist\u00e9ricas: tiene mala prensa y es vergonzante.<\/p>\n\n\n\n<p>4. La mujer maravilla no tiene menopausia.<\/p>\n\n\n\n<p><strong><br>Vaya la siguiente nota como Invitaci\u00f3n<\/strong><\/p>\n\n\n\n<p>Amigas, con referencia a las terapias de reemplazo hormonal , creo que es muy complicado. Soja si soja no. Parches si parches no. Calcio. Viramina D para fijarlo. Gimnasia, yoga. Si tenes antecedentes de c\u00e1ncer de mama todo cambia . Si no los ten\u00e9s quien sabe. Si sos hipertensa. Si hay antecedentes de trombosis. Si fum\u00e1s. Verdades y mitos de la soja. Los transg\u00e9nicos. Verdades y mitos de las hormonas de reemplazo.<\/p>\n\n\n\n<p>Cada una de nosotras tiene una experiencia personal. Ayuda mucho compartirla y tambi\u00e9n complica a quien debe tomar una decisi\u00f3n.<\/p>\n\n\n\n<p>En esta decisi\u00f3n hay muchas implicancias. Ideolog\u00eda sobre la salud en general y la medicina en particular. Actitud ante los diferentes tipos de medicina. Creencias y certezas. Decisiones de vida. Una mirada al pasado. Otra al futuro. Una mirada a la propia madre menop\u00e1usica real o fantaseada. El significado de la menopausia para la cultura patriarcal. Ocultamientos y verg\u00fcenzas. Si encima ten\u00e9s s\u00edntomas org\u00e1nicos o psicol\u00f3gicos ni te cuento.<\/p>\n\n\n\n<p>Durante mucho tiempo, la \u201cteor\u00eda de la igualdad\u201d neg\u00f3 los s\u00edntomas. Las mujeres andaban por la vida disimul\u00e1ndolos. Asegurando que ni se enteraron. O d\u00e1ndoles significados diferentes. Se instal\u00f3 en el imaginario que los s\u00edntomas son un invento de las que no se la bancan. Como siempre, el patriarcado se apoder\u00f3 de esta debilidad nuestra. Aceptar ser \u201ciguales\u201d nos volvi\u00f3 a jugar una mala pasada. Nos neg\u00f3 el derecho al sofoco. Sudar y ponernos coloradas era vergonzante. Por algo se los llamaba, en buen castellano, \u201clos bochornos\u201d.<\/p>\n\n\n\n<p>Hace 10 a\u00f1os que coordino grupos de mujeres climat\u00e9ricas y menop\u00e1usicas. Hace 10 a\u00f1os que estoy peleando por la \u201creivindicaci\u00f3n de los abanicos\u201d.<\/p>\n\n\n\n<p>Por recuperar nuestro derecho a tener s\u00edntomas. Recuperar es el t\u00e9rmino correcto , porque nuestras abuelas pod\u00edan. Se abr\u00eda la ventana porque \u201cest\u00e1 con los calores\u201c. Se aguantaba su mal humor porque \u201cest\u00e1 en la edad cr\u00edtica\u201d. El patriarcado nos consideraba d\u00e9biles y era comprensivo con el tr\u00e1nsito por la menopausia. Pero en las \u00faltimas d\u00e9cadas dej\u00f3 de darnos permiso.<\/p>\n\n\n\n<p>Dentro del feminismo de la diferencia se incluye esto. As\u00ed lo entiendo yo. La menopausia y todas las \u201ccosas de mujeres\u201d que tanta veces silenciamos Porque el patriarcado nos da dos opciones: ser antiguas y d\u00e9biles o modernas e igualitas a la mujer maravilla. Fortalecido por legiones de mujeres funcionales al patriarcado. A las que la menopausia ni mu porque es cosa de hist\u00e9ricas.<br>&nbsp;<\/p>\n","protected":false},"excerpt":{"rendered":"<p>Desde nuestra Instituci\u00f3n organizamos talleres sobre Menopausia y Climaterio. Grupos de Reflexi\u00f3n en los que se puede hablar de los que nos pasa. De lo que nos pasa en serio. No de lo que queda bien. Tratamos de abandonar los paradigmas de la Menopausia y analizar cr\u00edticamente la realidad desde los siguientes ejes: 1. S\u00edndrome [&hellip;]<\/p>\n","protected":false},"author":3,"featured_media":0,"parent":0,"menu_order":0,"comment_status":"closed","ping_status":"closed","template":"","meta":{"footnotes":""},"class_list":["post-66","page","type-page","status-publish","hentry"],"_links":{"self":[{"href":"https:\/\/fundaciontehuelche.com.ar\/web\/wp-json\/wp\/v2\/pages\/66","targetHints":{"allow":["GET"]}}],"collection":[{"href":"https:\/\/fundaciontehuelche.com.ar\/web\/wp-json\/wp\/v2\/pages"}],"about":[{"href":"https:\/\/fundaciontehuelche.com.ar\/web\/wp-json\/wp\/v2\/types\/page"}],"author":[{"embeddable":true,"href":"https:\/\/fundaciontehuelche.com.ar\/web\/wp-json\/wp\/v2\/users\/3"}],"replies":[{"embeddable":true,"href":"https:\/\/fundaciontehuelche.com.ar\/web\/wp-json\/wp\/v2\/comments?post=66"}],"version-history":[{"count":1,"href":"https:\/\/fundaciontehuelche.com.ar\/web\/wp-json\/wp\/v2\/pages\/66\/revisions"}],"predecessor-version":[{"id":67,"href":"https:\/\/fundaciontehuelche.com.ar\/web\/wp-json\/wp\/v2\/pages\/66\/revisions\/67"}],"wp:attachment":[{"href":"https:\/\/fundaciontehuelche.com.ar\/web\/wp-json\/wp\/v2\/media?parent=66"}],"curies":[{"name":"wp","href":"https:\/\/api.w.org\/{rel}","templated":true}]}}