{"id":85,"date":"2025-01-24T19:25:41","date_gmt":"2025-01-24T19:25:41","guid":{"rendered":"https:\/\/fundaciontehuelche.com.ar\/web\/?page_id=85"},"modified":"2025-01-27T18:52:36","modified_gmt":"2025-01-27T18:52:36","slug":"cosas-de-mujeres","status":"publish","type":"page","link":"https:\/\/fundaciontehuelche.com.ar\/web\/cosas-de-mujeres\/","title":{"rendered":"Cosas de Mujeres"},"content":{"rendered":"\n<p>Ciclo de Conferencias<br>Talleres<br>Debates<br>Reflexi\u00f3n<br>Intercambio<br>Trabajo Grupal<br>Videos<br>Trabajo Corporal<\/p>\n\n\n\n<p><br>Cada mes, un tema diferente.<br>Siempre Cosas de Mujeres.<\/p>\n\n\n\n<p><strong>Algunos de los temas desarrollados por Cosas de Mujeres<\/strong><\/p>\n\n\n\n<p><strong>M\u00f3nica Zuretti<\/strong>&nbsp;PsicoSociodrama<br><strong>Diana Coblier<\/strong>&nbsp;Autonom\u00edas<br>Lecturas de Marguerite Yourcenar a cargo de la actriz<strong>&nbsp;Betty Raiter<\/strong><br><strong>Diana Maff\u00eda<\/strong>&nbsp;El Cuerpo y el Conocimiento<br><strong>Vita Escard\u00f3<\/strong>&nbsp;Mujeres Dramatizando<\/p>\n\n\n\n<p>M\u00f3nica Zuretti dirigiendo un Psicodrama<\/p>\n\n\n\n<figure class=\"wp-block-image size-full\"><a href=\"https:\/\/fundaciontehuelche.com.ar\/web\/wp-content\/uploads\/2025\/01\/CosasFoto1.png\"><img loading=\"lazy\" decoding=\"async\" width=\"581\" height=\"382\" src=\"https:\/\/fundaciontehuelche.com.ar\/web\/wp-content\/uploads\/2025\/01\/CosasFoto1.png\" alt=\"\" class=\"wp-image-86\" srcset=\"https:\/\/fundaciontehuelche.com.ar\/web\/wp-content\/uploads\/2025\/01\/CosasFoto1.png 581w, https:\/\/fundaciontehuelche.com.ar\/web\/wp-content\/uploads\/2025\/01\/CosasFoto1-300x197.png 300w\" sizes=\"auto, (max-width: 581px) 100vw, 581px\" \/><\/a><figcaption class=\"wp-element-caption\">Diana Coblier con grupo de participantes<\/figcaption><\/figure>\n\n\n\n<figure class=\"wp-block-image size-full is-resized\"><a href=\"https:\/\/fundaciontehuelche.com.ar\/web\/wp-content\/uploads\/2025\/01\/cosasFoto2.png\"><img loading=\"lazy\" decoding=\"async\" width=\"583\" height=\"393\" src=\"https:\/\/fundaciontehuelche.com.ar\/web\/wp-content\/uploads\/2025\/01\/cosasFoto2.png\" alt=\"\" class=\"wp-image-87\" style=\"width:650px;height:auto\" srcset=\"https:\/\/fundaciontehuelche.com.ar\/web\/wp-content\/uploads\/2025\/01\/cosasFoto2.png 583w, https:\/\/fundaciontehuelche.com.ar\/web\/wp-content\/uploads\/2025\/01\/cosasFoto2-300x202.png 300w\" sizes=\"auto, (max-width: 583px) 100vw, 583px\" \/><\/a><figcaption class=\"wp-element-caption\">Vita Escardo, Diana Maffia y Betty Raiter acompa\u00f1ando a Diana Coblier al finalizar un Taller<\/figcaption><\/figure>\n\n\n\n<figure class=\"wp-block-image size-full\"><a href=\"https:\/\/fundaciontehuelche.com.ar\/web\/wp-content\/uploads\/2025\/01\/CosasFoto3.png\"><img loading=\"lazy\" decoding=\"async\" width=\"508\" height=\"335\" src=\"https:\/\/fundaciontehuelche.com.ar\/web\/wp-content\/uploads\/2025\/01\/CosasFoto3.png\" alt=\"\" class=\"wp-image-88\" srcset=\"https:\/\/fundaciontehuelche.com.ar\/web\/wp-content\/uploads\/2025\/01\/CosasFoto3.png 508w, https:\/\/fundaciontehuelche.com.ar\/web\/wp-content\/uploads\/2025\/01\/CosasFoto3-300x198.png 300w\" sizes=\"auto, (max-width: 508px) 100vw, 508px\" \/><\/a><\/figure>\n\n\n\n<p><strong>Cosas de Mujeres<\/strong><br>Una actividad en la que se pueden inscribir todas las mujeres que lo deseen.<br>Sin requisitos de edad, de estudios ni ning\u00fan otro.<\/p>\n","protected":false},"excerpt":{"rendered":"<p>Ciclo de ConferenciasTalleresDebatesReflexi\u00f3nIntercambioTrabajo GrupalVideosTrabajo Corporal Cada mes, un tema diferente.Siempre Cosas de Mujeres. Algunos de los temas desarrollados por Cosas de Mujeres M\u00f3nica Zuretti&nbsp;PsicoSociodramaDiana Coblier&nbsp;Autonom\u00edasLecturas de Marguerite Yourcenar a cargo de la actriz&nbsp;Betty RaiterDiana Maff\u00eda&nbsp;El Cuerpo y el ConocimientoVita Escard\u00f3&nbsp;Mujeres Dramatizando M\u00f3nica Zuretti dirigiendo un Psicodrama Cosas de MujeresUna actividad en la que se pueden [&hellip;]<\/p>\n","protected":false},"author":3,"featured_media":0,"parent":0,"menu_order":0,"comment_status":"closed","ping_status":"closed","template":"","meta":{"footnotes":""},"class_list":["post-85","page","type-page","status-publish","hentry"],"_links":{"self":[{"href":"https:\/\/fundaciontehuelche.com.ar\/web\/wp-json\/wp\/v2\/pages\/85","targetHints":{"allow":["GET"]}}],"collection":[{"href":"https:\/\/fundaciontehuelche.com.ar\/web\/wp-json\/wp\/v2\/pages"}],"about":[{"href":"https:\/\/fundaciontehuelche.com.ar\/web\/wp-json\/wp\/v2\/types\/page"}],"author":[{"embeddable":true,"href":"https:\/\/fundaciontehuelche.com.ar\/web\/wp-json\/wp\/v2\/users\/3"}],"replies":[{"embeddable":true,"href":"https:\/\/fundaciontehuelche.com.ar\/web\/wp-json\/wp\/v2\/comments?post=85"}],"version-history":[{"count":1,"href":"https:\/\/fundaciontehuelche.com.ar\/web\/wp-json\/wp\/v2\/pages\/85\/revisions"}],"predecessor-version":[{"id":89,"href":"https:\/\/fundaciontehuelche.com.ar\/web\/wp-json\/wp\/v2\/pages\/85\/revisions\/89"}],"wp:attachment":[{"href":"https:\/\/fundaciontehuelche.com.ar\/web\/wp-json\/wp\/v2\/media?parent=85"}],"curies":[{"name":"wp","href":"https:\/\/api.w.org\/{rel}","templated":true}]}}